{"id":35,"date":"2023-09-16T13:46:26","date_gmt":"2023-09-16T11:46:26","guid":{"rendered":"https:\/\/christophe-delay-pepinieriste.fr\/?page_id=35"},"modified":"2023-09-16T13:46:26","modified_gmt":"2023-09-16T11:46:26","slug":"contacts","status":"publish","type":"page","link":"https:\/\/christophe-delay-pepinieriste.fr\/index.php\/contacts\/","title":{"rendered":"Contacts"},"content":{"rendered":"\n<div class=\"wp-block-cover aligncenter is-light wp-duotone-purple-yellow\"><span aria-hidden=\"true\" class=\"wp-block-cover__background has-background-dim\"><\/span><img loading=\"lazy\" decoding=\"async\" width=\"200\" height=\"299\" class=\"wp-block-cover__image-background wp-image-36\" alt=\"\" src=\"https:\/\/christophe-delay-pepinieriste.fr\/wp-content\/uploads\/2023\/09\/greffage.jpg\" data-object-fit=\"cover\"\/><div class=\"wp-block-cover__inner-container is-layout-flow wp-block-cover-is-layout-flow\">\n<h1 class=\"wp-block-heading has-text-align-center has-large-font-size\"><strong>Contacts<\/strong><\/h1>\n<\/div><\/div>\n\n\n\n<p>Pour tout renseignement, conseils ou pour commander contactez :<\/p>\n\n\n\n<h3 class=\"wp-block-heading has-text-align-center\">Christophe Delay<br>les combes<br>38780 Estrablin<br>Tel : 04.74.57.14.42 <em>en soir\u00e9e<\/em><\/h3>\n\n\n\n<h2 class=\"wp-block-heading\"><strong>Acc\u00e8s \u00e0 la p\u00e9pini\u00e8re<\/strong><\/h2>\n\n\n\n<p>Je suis seul \u00e0 travailler sur l&#8217;exploitation, donc <strong>je ne pourrais pas vous recevoir sans &#8220;rendez-vous&#8221;<\/strong>, n&#8217;oubliez pas de m&#8217;appeller!<\/p>\n\n\n\n<p><strong>Depuis Vienne et l&#8217;autoroute A7 :<\/strong><br>prendre la D41 en direction de Grenoble et Beaurepaire, parcourir 6 km jusqu&#8217;\u00e0 un rond point o\u00f9 bifurquent \u00e0 droite la D41b en direction de Beaurepaire et la D502 \u00e0 gauche en direction de Grenoble. \u00e0 ce rond point aller tout droit sur la D41 en direction de Eyzin &#8211; Pinet. Prendre ensuite la deuxi\u00e8me route \u00e0 droite, faire 300m et prendre \u00e0 gauche une petite route (juste avant un petit pont). Laisser sur sa gauche un portail (entr\u00e9e d&#8217;une carri\u00e8re) et poursuivre la route sur encore 200m avant d&#8217;arriver \u00e0 la ferme.<\/p>\n\n\n\n<p><strong>Depuis Grenoble :<\/strong><br>D\u00e9passer le village d&#8217;Estrablin \u00e0 droite pour continuer tout droit toujours sur la D502 en direction de Vienne, passer tout droit \u00e0 un premier rond point, d\u00e9passer une d\u00e9chetterie sur la droite pour arriver \u00e0 200m \u00e0 un deuxi\u00e8me rond point. Prendre \u00e0 gauche la direction de Eyzin &#8211; Pinet (D41). Prendre ensuite la deuxi\u00e8me route \u00e0 droite, faire 300m et prendre \u00e0 gauche une petite route (juste avant un petit pont). Laisser sur sa gauche un portail (entr\u00e9e d&#8217;une carri\u00e8re) et poursuivre la route sur encore 200m avant d&#8217;arriver \u00e0 la ferme.<\/p>\n\n\n\n<p><strong>Depuis Bourgoin-Jallieu et l&#8217;autoroute A43 :<\/strong><br>prendre la D75 en direction de Vienne. Traverser le village de Sept\u00e8me, parcourir 10 km (toujours sur la D75) et arriver \u00e0 un rond point, prendre \u00e0 droite direction Vienne, d\u00e9passer une d\u00e9chetterie sur la droite pour arriver \u00e0 200m \u00e0 un deuxi\u00e8me rond point. Prendre \u00e0 gauche la direction de Eyzin &#8211; Pinet (D41). Prendre ensuite la deuxi\u00e8me route \u00e0 droite, faire 300m et prendre \u00e0 gauche une petite route (juste avant un petit pont). Laisser sur sa gauche un portail (entr\u00e9e d&#8217;une carri\u00e8re) et poursuivre la route sur encore 200m avant d&#8217;arriver \u00e0 la ferme.<\/p>\n","protected":false},"excerpt":{"rendered":"<p>Pour tout renseignement, conseils ou pour commander contactez : Christophe Delayles combes38780 EstrablinTel : 04.74.57.14.42 en soir\u00e9e Acc\u00e8s \u00e0 la p\u00e9pini\u00e8re Je suis seul \u00e0 travailler sur l&#8217;exploitation, donc je ne pourrais pas vous recevoir sans &#8220;rendez-vous&#8221;, n&#8217;oubliez pas de m&#8217;appeller! Depuis Vienne et l&#8217;autoroute A7 :prendre la D41 en direction de Grenoble et Beaurepaire, [&hellip;]<\/p>\n","protected":false},"author":1,"featured_media":0,"parent":0,"menu_order":0,"comment_status":"closed","ping_status":"closed","template":"","meta":{"footnotes":""},"class_list":["post-35","page","type-page","status-publish","hentry"],"_links":{"self":[{"href":"https:\/\/christophe-delay-pepinieriste.fr\/index.php\/wp-json\/wp\/v2\/pages\/35","targetHints":{"allow":["GET"]}}],"collection":[{"href":"https:\/\/christophe-delay-pepinieriste.fr\/index.php\/wp-json\/wp\/v2\/pages"}],"about":[{"href":"https:\/\/christophe-delay-pepinieriste.fr\/index.php\/wp-json\/wp\/v2\/types\/page"}],"author":[{"embeddable":true,"href":"https:\/\/christophe-delay-pepinieriste.fr\/index.php\/wp-json\/wp\/v2\/users\/1"}],"replies":[{"embeddable":true,"href":"https:\/\/christophe-delay-pepinieriste.fr\/index.php\/wp-json\/wp\/v2\/comments?post=35"}],"version-history":[{"count":1,"href":"https:\/\/christophe-delay-pepinieriste.fr\/index.php\/wp-json\/wp\/v2\/pages\/35\/revisions"}],"predecessor-version":[{"id":37,"href":"https:\/\/christophe-delay-pepinieriste.fr\/index.php\/wp-json\/wp\/v2\/pages\/35\/revisions\/37"}],"wp:attachment":[{"href":"https:\/\/christophe-delay-pepinieriste.fr\/index.php\/wp-json\/wp\/v2\/media?parent=35"}],"curies":[{"name":"wp","href":"https:\/\/api.w.org\/{rel}","templated":true}]}}